{"id":32,"date":"2024-01-01T18:45:51","date_gmt":"2024-01-01T17:45:51","guid":{"rendered":"https:\/\/union-musicale-salbris.fr\/?page_id=32"},"modified":"2024-03-11T10:23:15","modified_gmt":"2024-03-11T09:23:15","slug":"nous-contacter","status":"publish","type":"page","link":"https:\/\/union-musicale-salbris.fr\/index.php\/nous-contacter\/","title":{"rendered":"Nous contacter"},"content":{"rendered":"\n<div class=\"wp-block-columns section cols-highlight cols-bordered cols-padding cols-single-sm pt-3 pb-3 l is-layout-flex wp-container-core-columns-is-layout-9d6595d7 wp-block-columns-is-layout-flex\">\n<div class=\"wp-block-column is-layout-flow wp-block-column-is-layout-flow\" style=\"flex-basis:66.66%\">\n<h3 class=\"wp-block-heading mb-0 has-main-color has-text-color\">Contactez-nous!<\/h3>\n\n\n\n<p><\/p>\n\n\n\n<p>Vous avez des questions concernant notre \u00e9cole de musique, les cours, les ateliers, les \u00e9v\u00e8nements pass\u00e9s ou \u00e0 venir, n&rsquo;h\u00e9sitez pas \u00e0 nous contacter en compl\u00e9tant le formulaire ci-contre<\/p>\n\n\n\n<p>Nous vous r\u00e9pondrons d\u00e8s que possible par email. Si vous souhaitez \u00eatre rappel\u00e9, pr\u00e9cisez votre t\u00e9l\u00e9phone dans votre message.<\/p>\n\n\n\n<p>A tr\u00e8s bient\u00f4t !<\/p>\n<\/div>\n\n\n\n<div class=\"wp-block-column is-layout-flow wp-block-column-is-layout-flow\" style=\"flex-basis:33.33%\">\n<div class=\"wp-block-contact-form-7-contact-form-selector\">\n<div class=\"wpcf7 no-js\" id=\"wpcf7-f35-o1\" lang=\"fr-FR\" dir=\"ltr\" data-wpcf7-id=\"35\">\n<div class=\"screen-reader-response\"><p role=\"status\" aria-live=\"polite\" aria-atomic=\"true\"><\/p> <ul><\/ul><\/div>\n<form action=\"\/index.php\/wp-json\/wp\/v2\/pages\/32#wpcf7-f35-o1\" method=\"post\" class=\"wpcf7-form init\" aria-label=\"Formulaire de contact\" novalidate=\"novalidate\" data-status=\"init\">\n<fieldset class=\"hidden-fields-container\"><input type=\"hidden\" name=\"_wpcf7\" value=\"35\" \/><input type=\"hidden\" name=\"_wpcf7_version\" value=\"6.1.5\" \/><input type=\"hidden\" name=\"_wpcf7_locale\" value=\"fr_FR\" \/><input type=\"hidden\" name=\"_wpcf7_unit_tag\" value=\"wpcf7-f35-o1\" \/><input type=\"hidden\" name=\"_wpcf7_container_post\" value=\"0\" \/><input type=\"hidden\" name=\"_wpcf7_posted_data_hash\" value=\"\" \/><input type=\"hidden\" name=\"_wpcf7_recaptcha_response\" value=\"\" \/>\n<\/fieldset>\n<p><label> Votre nom<br \/>\n<span class=\"wpcf7-form-control-wrap\" data-name=\"your-name\"><input size=\"40\" maxlength=\"400\" class=\"wpcf7-form-control wpcf7-text wpcf7-validates-as-required\" autocomplete=\"name\" aria-required=\"true\" aria-invalid=\"false\" value=\"\" type=\"text\" name=\"your-name\" \/><\/span> <\/label>\n<\/p>\n<p><label> Votre e-mail<br \/>\n<span class=\"wpcf7-form-control-wrap\" data-name=\"your-email\"><input size=\"40\" maxlength=\"400\" class=\"wpcf7-form-control wpcf7-email wpcf7-validates-as-required wpcf7-text wpcf7-validates-as-email\" autocomplete=\"email\" aria-required=\"true\" aria-invalid=\"false\" value=\"\" type=\"email\" name=\"your-email\" \/><\/span> <\/label>\n<\/p>\n<p><label> Objet<br \/>\n<span class=\"wpcf7-form-control-wrap\" data-name=\"your-subject\"><input size=\"40\" maxlength=\"400\" class=\"wpcf7-form-control wpcf7-text wpcf7-validates-as-required\" aria-required=\"true\" aria-invalid=\"false\" value=\"\" type=\"text\" name=\"your-subject\" \/><\/span> <\/label>\n<\/p>\n<p><label> Votre message (facultatif)<br \/>\n<span class=\"wpcf7-form-control-wrap\" data-name=\"your-message\"><textarea cols=\"40\" rows=\"10\" maxlength=\"2000\" class=\"wpcf7-form-control wpcf7-textarea\" aria-invalid=\"false\" name=\"your-message\"><\/textarea><\/span> <\/label>\n<\/p>\n<p><input class=\"wpcf7-form-control wpcf7-submit has-spinner\" type=\"submit\" value=\"Envoyer\" \/>\n<\/p><div class=\"wpcf7-response-output\" aria-hidden=\"true\"><\/div>\n<\/form>\n<\/div>\n<\/div>\n<\/div>\n<\/div>\n","protected":false},"excerpt":{"rendered":"<p>Contactez-nous! Vous avez des questions concernant notre \u00e9cole de musique, les cours, les ateliers, les \u00e9v\u00e8nements pass\u00e9s ou \u00e0 venir,<span class=\"more-dots\">&#8230;<\/span><\/p>\n","protected":false},"author":1,"featured_media":0,"parent":0,"menu_order":0,"comment_status":"closed","ping_status":"closed","template":"","meta":{"footnotes":""},"class_list":["post-32","page","type-page","status-publish","hentry","no-post-thumbnail"],"yoast_head":"<!-- This site is optimized with the Yoast SEO plugin v26.5 - https:\/\/yoast.com\/wordpress\/plugins\/seo\/ -->\n<title>Nous contacter - Union Musicale de Salbris<\/title>\n<meta name=\"robots\" content=\"index, follow, max-snippet:-1, max-image-preview:large, max-video-preview:-1\" \/>\n<link rel=\"canonical\" href=\"https:\/\/union-musicale-salbris.fr\/index.php\/nous-contacter\/\" \/>\n<meta property=\"og:locale\" content=\"fr_FR\" \/>\n<meta property=\"og:type\" content=\"article\" \/>\n<meta property=\"og:title\" content=\"Nous contacter - Union Musicale de Salbris\" \/>\n<meta property=\"og:description\" content=\"Contactez-nous! Vous avez des questions concernant notre \u00e9cole de musique, les cours, les ateliers, les \u00e9v\u00e8nements pass\u00e9s ou \u00e0 venir,...\" \/>\n<meta property=\"og:url\" content=\"https:\/\/union-musicale-salbris.fr\/index.php\/nous-contacter\/\" \/>\n<meta property=\"og:site_name\" content=\"Union Musicale de Salbris\" \/>\n<meta property=\"article:publisher\" content=\"https:\/\/www.facebook.com\/unionmusicale.salbris\/\" \/>\n<meta property=\"article:modified_time\" content=\"2024-03-11T09:23:15+00:00\" \/>\n<meta name=\"twitter:card\" content=\"summary_large_image\" \/>\n<meta name=\"twitter:label1\" content=\"Dur\u00e9e de lecture estim\u00e9e\" \/>\n\t<meta name=\"twitter:data1\" content=\"1 minute\" \/>\n<script type=\"application\/ld+json\" class=\"yoast-schema-graph\">{\"@context\":\"https:\/\/schema.org\",\"@graph\":[{\"@type\":\"WebPage\",\"@id\":\"https:\/\/union-musicale-salbris.fr\/index.php\/nous-contacter\/\",\"url\":\"https:\/\/union-musicale-salbris.fr\/index.php\/nous-contacter\/\",\"name\":\"Nous contacter - Union Musicale de Salbris\",\"isPartOf\":{\"@id\":\"https:\/\/union-musicale-salbris.fr\/#website\"},\"datePublished\":\"2024-01-01T17:45:51+00:00\",\"dateModified\":\"2024-03-11T09:23:15+00:00\",\"breadcrumb\":{\"@id\":\"https:\/\/union-musicale-salbris.fr\/index.php\/nous-contacter\/#breadcrumb\"},\"inLanguage\":\"fr-FR\",\"potentialAction\":[{\"@type\":\"ReadAction\",\"target\":[\"https:\/\/union-musicale-salbris.fr\/index.php\/nous-contacter\/\"]}]},{\"@type\":\"BreadcrumbList\",\"@id\":\"https:\/\/union-musicale-salbris.fr\/index.php\/nous-contacter\/#breadcrumb\",\"itemListElement\":[{\"@type\":\"ListItem\",\"position\":1,\"name\":\"Accueil\",\"item\":\"https:\/\/union-musicale-salbris.fr\/\"},{\"@type\":\"ListItem\",\"position\":2,\"name\":\"Nous contacter\"}]},{\"@type\":\"WebSite\",\"@id\":\"https:\/\/union-musicale-salbris.fr\/#website\",\"url\":\"https:\/\/union-musicale-salbris.fr\/\",\"name\":\"Union Musicale de Salbris\",\"description\":\"Vivez la musique !\",\"publisher\":{\"@id\":\"https:\/\/union-musicale-salbris.fr\/#organization\"},\"potentialAction\":[{\"@type\":\"SearchAction\",\"target\":{\"@type\":\"EntryPoint\",\"urlTemplate\":\"https:\/\/union-musicale-salbris.fr\/?s={search_term_string}\"},\"query-input\":{\"@type\":\"PropertyValueSpecification\",\"valueRequired\":true,\"valueName\":\"search_term_string\"}}],\"inLanguage\":\"fr-FR\"},{\"@type\":\"Organization\",\"@id\":\"https:\/\/union-musicale-salbris.fr\/#organization\",\"name\":\"Union Musicale de Salbris\",\"url\":\"https:\/\/union-musicale-salbris.fr\/\",\"logo\":{\"@type\":\"ImageObject\",\"inLanguage\":\"fr-FR\",\"@id\":\"https:\/\/union-musicale-salbris.fr\/#\/schema\/logo\/image\/\",\"url\":\"https:\/\/union-musicale-salbris.fr\/wp-content\/uploads\/2024\/03\/UMS_logo_qualite.jpg\",\"contentUrl\":\"https:\/\/union-musicale-salbris.fr\/wp-content\/uploads\/2024\/03\/UMS_logo_qualite.jpg\",\"width\":737,\"height\":403,\"caption\":\"Union Musicale de Salbris\"},\"image\":{\"@id\":\"https:\/\/union-musicale-salbris.fr\/#\/schema\/logo\/image\/\"},\"sameAs\":[\"https:\/\/www.facebook.com\/unionmusicale.salbris\/\",\"https:\/\/www.instagram.com\/union_musicale_de_salbris\"]}]}<\/script>\n<!-- \/ Yoast SEO plugin. -->","yoast_head_json":{"title":"Nous contacter - Union Musicale de Salbris","robots":{"index":"index","follow":"follow","max-snippet":"max-snippet:-1","max-image-preview":"max-image-preview:large","max-video-preview":"max-video-preview:-1"},"canonical":"https:\/\/union-musicale-salbris.fr\/index.php\/nous-contacter\/","og_locale":"fr_FR","og_type":"article","og_title":"Nous contacter - Union Musicale de Salbris","og_description":"Contactez-nous! Vous avez des questions concernant notre \u00e9cole de musique, les cours, les ateliers, les \u00e9v\u00e8nements pass\u00e9s ou \u00e0 venir,...","og_url":"https:\/\/union-musicale-salbris.fr\/index.php\/nous-contacter\/","og_site_name":"Union Musicale de Salbris","article_publisher":"https:\/\/www.facebook.com\/unionmusicale.salbris\/","article_modified_time":"2024-03-11T09:23:15+00:00","twitter_card":"summary_large_image","twitter_misc":{"Dur\u00e9e de lecture estim\u00e9e":"1 minute"},"schema":{"@context":"https:\/\/schema.org","@graph":[{"@type":"WebPage","@id":"https:\/\/union-musicale-salbris.fr\/index.php\/nous-contacter\/","url":"https:\/\/union-musicale-salbris.fr\/index.php\/nous-contacter\/","name":"Nous contacter - Union Musicale de Salbris","isPartOf":{"@id":"https:\/\/union-musicale-salbris.fr\/#website"},"datePublished":"2024-01-01T17:45:51+00:00","dateModified":"2024-03-11T09:23:15+00:00","breadcrumb":{"@id":"https:\/\/union-musicale-salbris.fr\/index.php\/nous-contacter\/#breadcrumb"},"inLanguage":"fr-FR","potentialAction":[{"@type":"ReadAction","target":["https:\/\/union-musicale-salbris.fr\/index.php\/nous-contacter\/"]}]},{"@type":"BreadcrumbList","@id":"https:\/\/union-musicale-salbris.fr\/index.php\/nous-contacter\/#breadcrumb","itemListElement":[{"@type":"ListItem","position":1,"name":"Accueil","item":"https:\/\/union-musicale-salbris.fr\/"},{"@type":"ListItem","position":2,"name":"Nous contacter"}]},{"@type":"WebSite","@id":"https:\/\/union-musicale-salbris.fr\/#website","url":"https:\/\/union-musicale-salbris.fr\/","name":"Union Musicale de Salbris","description":"Vivez la musique !","publisher":{"@id":"https:\/\/union-musicale-salbris.fr\/#organization"},"potentialAction":[{"@type":"SearchAction","target":{"@type":"EntryPoint","urlTemplate":"https:\/\/union-musicale-salbris.fr\/?s={search_term_string}"},"query-input":{"@type":"PropertyValueSpecification","valueRequired":true,"valueName":"search_term_string"}}],"inLanguage":"fr-FR"},{"@type":"Organization","@id":"https:\/\/union-musicale-salbris.fr\/#organization","name":"Union Musicale de Salbris","url":"https:\/\/union-musicale-salbris.fr\/","logo":{"@type":"ImageObject","inLanguage":"fr-FR","@id":"https:\/\/union-musicale-salbris.fr\/#\/schema\/logo\/image\/","url":"https:\/\/union-musicale-salbris.fr\/wp-content\/uploads\/2024\/03\/UMS_logo_qualite.jpg","contentUrl":"https:\/\/union-musicale-salbris.fr\/wp-content\/uploads\/2024\/03\/UMS_logo_qualite.jpg","width":737,"height":403,"caption":"Union Musicale de Salbris"},"image":{"@id":"https:\/\/union-musicale-salbris.fr\/#\/schema\/logo\/image\/"},"sameAs":["https:\/\/www.facebook.com\/unionmusicale.salbris\/","https:\/\/www.instagram.com\/union_musicale_de_salbris"]}]}},"_links":{"self":[{"href":"https:\/\/union-musicale-salbris.fr\/index.php\/wp-json\/wp\/v2\/pages\/32","targetHints":{"allow":["GET"]}}],"collection":[{"href":"https:\/\/union-musicale-salbris.fr\/index.php\/wp-json\/wp\/v2\/pages"}],"about":[{"href":"https:\/\/union-musicale-salbris.fr\/index.php\/wp-json\/wp\/v2\/types\/page"}],"author":[{"embeddable":true,"href":"https:\/\/union-musicale-salbris.fr\/index.php\/wp-json\/wp\/v2\/users\/1"}],"replies":[{"embeddable":true,"href":"https:\/\/union-musicale-salbris.fr\/index.php\/wp-json\/wp\/v2\/comments?post=32"}],"version-history":[{"count":5,"href":"https:\/\/union-musicale-salbris.fr\/index.php\/wp-json\/wp\/v2\/pages\/32\/revisions"}],"predecessor-version":[{"id":41,"href":"https:\/\/union-musicale-salbris.fr\/index.php\/wp-json\/wp\/v2\/pages\/32\/revisions\/41"}],"wp:attachment":[{"href":"https:\/\/union-musicale-salbris.fr\/index.php\/wp-json\/wp\/v2\/media?parent=32"}],"curies":[{"name":"wp","href":"https:\/\/api.w.org\/{rel}","templated":true}]}}